{"id":38,"date":"2024-02-11T13:26:37","date_gmt":"2024-02-11T12:26:37","guid":{"rendered":"https:\/\/sonnenhof-marbeck.de\/?page_id=38"},"modified":"2025-06-22T08:00:53","modified_gmt":"2025-06-22T06:00:53","slug":"gaeste","status":"publish","type":"page","link":"https:\/\/sonnenhof-marbeck.de\/?page_id=38","title":{"rendered":"G\u00e4ste"},"content":{"rendered":"\n<h2 class=\"wp-block-heading\">G\u00e4ste sind bei uns&nbsp;immer herzlich willkommen!<br><br>Wir haben Stellpl\u00e4tze und Zimmer f\u00fcr G\u00e4ste.<\/h2>\n\n\n\n<p><strong>Eine INF\/NFN\/DFK-Mitgliedschaft ist erw\u00fcnscht.<\/strong><br><br>Hunde sind auf dem Platz erlaubt (max. ein Hund pro Gast), nicht jedoch in den G\u00e4stezimmern. Ausgeschlossen sind gef\u00e4hrliche Hunde nach der <a href=\"https:\/\/recht.nrw.de\/lmi\/owa\/br_bes_detail?sg=0&amp;menu=1&amp;bes_id=5116&amp;anw_nr=2&amp;aufgehoben=N&amp;det_id=372688\" target=\"_blank\" rel=\"noreferrer noopener\">Landeshundeverordnung NRW<\/a><\/p>\n\n\n\n<p>Nachtruhe 22:00 bis 06:00 Uhr<\/p>\n\n\n\n<p>Mittagsruhe 13:00 bis 14:00 Uhr<\/p>\n\n\n\n<p>Anfragen bitte m\u00f6glichst per Mail: <a href=\"mailto:orga@sonnenhof-marbeck.de\" target=\"_blank\" rel=\"noreferrer noopener\">orga@sonnenhof-marbeck.de<\/a> oder \u00fcber unser <a href=\"https:\/\/sonnenhof-marbeck.de\/?page_id=6\">Buchungsformular<\/a>.<\/p>\n\n\n\n<p class=\"has-luminous-vivid-amber-color has-text-color has-link-color wp-elements-d1f0a20da9a5acf63ebadb37c5734af8\"><strong>Bitte stellt eure Buchungsanfragen nur \u00fcber das Buchungsformular! Das erleichtert und beschleunigt die Bearbeitung deutlich.<\/strong><\/p>\n\n\n\n<hr class=\"wp-block-separator aligncenter has-alpha-channel-opacity is-style-wide\"\/>\n\n\n\n<h2 class=\"wp-block-heading\">Einchecken \/ Auschecken<\/h2>\n\n\n\n<p><strong>Einchecken ist ab 14 Uhr <\/strong>am Anreisetag m\u00f6glich. <strong>Auschecken bis 12 Uhr<\/strong> am Abreisetag.<\/p>\n\n\n\n<p>Bitte meldet euch \u00fcber die Telefonnummer, die am Tor h\u00e4ngt, an.<\/p>\n\n\n\n<p>Im <strong>Schaukasten am Sanit\u00e4rhaus<\/strong> (S auf der Gel\u00e4ndekarte) k\u00f6nnt ihr sehen, wer aus dem G\u00e4ste-Betreuerteam aktuell zust\u00e4ndig ist und wo ihr eure Geb\u00fchren bezahlen k\u00f6nnt.<\/p>\n\n\n\n<p>Eure <strong>Abreise <\/strong>stimmt bitte fr\u00fchzeitig mit uns ab, damit jemand vor Ort ist, der die Formalit\u00e4ten mit euch erledigen kann.<\/p>\n\n\n\n<figure class=\"wp-block-image size-large\"><a href=\"https:\/\/sonnenhof-marbeck.de\/wp-content\/uploads\/2025\/06\/Gelaendeplan_2025_Juni-1.pdf\"><img loading=\"lazy\" decoding=\"async\" width=\"1024\" height=\"724\" src=\"https:\/\/sonnenhof-marbeck.de\/wp-content\/uploads\/2025\/06\/Gelaendeplan_2025_Juni-1-1024x724.png\" alt=\"\" class=\"wp-image-633\" style=\"aspect-ratio:1\" srcset=\"https:\/\/sonnenhof-marbeck.de\/wp-content\/uploads\/2025\/06\/Gelaendeplan_2025_Juni-1-1024x724.png 1024w, https:\/\/sonnenhof-marbeck.de\/wp-content\/uploads\/2025\/06\/Gelaendeplan_2025_Juni-1-300x212.png 300w, https:\/\/sonnenhof-marbeck.de\/wp-content\/uploads\/2025\/06\/Gelaendeplan_2025_Juni-1-768x543.png 768w, https:\/\/sonnenhof-marbeck.de\/wp-content\/uploads\/2025\/06\/Gelaendeplan_2025_Juni-1.png 1123w\" sizes=\"auto, (max-width: 767px) 89vw, (max-width: 1000px) 54vw, (max-width: 1071px) 543px, 580px\" \/><\/a><figcaption class=\"wp-element-caption\">(Anklicken zum Vergr\u00f6\u00dfern \/ Click to enlarge)<\/figcaption><\/figure>\n\n\n\n<hr class=\"wp-block-separator aligncenter has-alpha-channel-opacity is-style-wide\"\/>\n\n\n\n<h2 class=\"wp-block-heading\">Gastgeb\u00fchren<\/h2>\n\n\n<div class=\"wp-block-image\">\n<figure class=\"aligncenter size-full\"><a href=\"https:\/\/sonnenhof-marbeck.de\/wp-content\/uploads\/2025\/05\/Gastgebuehren2025.pdf\" target=\"_blank\" rel=\" noreferrer noopener\"><img loading=\"lazy\" decoding=\"async\" width=\"498\" height=\"850\" src=\"https:\/\/sonnenhof-marbeck.de\/wp-content\/uploads\/2025\/05\/Gastgebuehren2025.png\" alt=\"\" class=\"wp-image-566\" srcset=\"https:\/\/sonnenhof-marbeck.de\/wp-content\/uploads\/2025\/05\/Gastgebuehren2025.png 498w, https:\/\/sonnenhof-marbeck.de\/wp-content\/uploads\/2025\/05\/Gastgebuehren2025-176x300.png 176w\" sizes=\"auto, (max-width: 498px) 100vw, 498px\" \/><\/a><\/figure>\n<\/div>\n\n\n<p>Eine \u00dcbersicht der aktuellen Preise ist <a href=\"https:\/\/sonnenhof-marbeck.de\/wp-content\/uploads\/2024\/06\/Gastgebuehren_neu_-gueltig-ab-01_04_2024-C.pdf\" target=\"_blank\" rel=\"noreferrer noopener\">hier herunterladbar<\/a>.<\/p>\n\n\n\n<hr class=\"wp-block-separator aligncenter has-alpha-channel-opacity is-style-wide\"\/>\n\n\n\n<h2 class=\"wp-block-heading\">G\u00e4ste-Infos Deutsch<\/h2>\n\n\n\n<p class=\"has-text-align-center has-vivid-red-color has-text-color has-link-color wp-elements-804d9ce9175a2094684890c5a78804d0\"><strong>Achtung: Neue Telefonnummer der G\u00e4stebetreuer seit Mai 2025: +49 160 970 409 17<\/strong><\/p>\n\n\n<div class=\"wp-block-image\">\n<figure class=\"aligncenter size-full\"><a href=\"https:\/\/sonnenhof-marbeck.de\/wp-content\/uploads\/2024\/02\/Gaesteinfo_deutsch.pdf\" target=\"_blank\" rel=\"noreferrer noopener\"><img loading=\"lazy\" decoding=\"async\" width=\"535\" height=\"890\" src=\"https:\/\/sonnenhof-marbeck.de\/wp-content\/uploads\/2024\/02\/Gaesteinfo-Deutsch.jpg\" alt=\"\" class=\"wp-image-103\" srcset=\"https:\/\/sonnenhof-marbeck.de\/wp-content\/uploads\/2024\/02\/Gaesteinfo-Deutsch.jpg 535w, https:\/\/sonnenhof-marbeck.de\/wp-content\/uploads\/2024\/02\/Gaesteinfo-Deutsch-180x300.jpg 180w\" sizes=\"auto, (max-width: 535px) 100vw, 535px\" \/><\/a><\/figure>\n<\/div>\n\n\n<p>Aktuelle Infos und Wissenwertes zur Ausstattung des Sonnenhofes <a href=\"https:\/\/sonnenhof-marbeck.de\/wp-content\/uploads\/2024\/02\/Gaesteinfo_deutsch.pdf\" target=\"_blank\" rel=\"noreferrer noopener\">sind hier herunterladbar<\/a>.<\/p>\n\n\n\n<hr class=\"wp-block-separator aligncenter has-alpha-channel-opacity is-style-wide\"\/>\n\n\n\n<h2 class=\"wp-block-heading\">Gasten-Info Nederlands<\/h2>\n\n\n\n<p class=\"has-text-align-center has-luminous-vivid-amber-color has-text-color has-link-color wp-elements-400c8b1f45fe81fad0a422c04bf18470\"><strong>Let op: Nieuw telefoonnummer van de gastbegeleider<\/strong> <strong>sinds 2025: +49 160 970409 17<\/strong><\/p>\n\n\n<div class=\"wp-block-image\">\n<figure class=\"aligncenter size-full\"><a href=\"https:\/\/sonnenhof-marbeck.de\/wp-content\/uploads\/2024\/02\/Gasteninfo-Nederlands.pdf\" target=\"_blank\" rel=\"noreferrer noopener\"><img loading=\"lazy\" decoding=\"async\" width=\"534\" height=\"900\" src=\"https:\/\/sonnenhof-marbeck.de\/wp-content\/uploads\/2024\/02\/Gasteninfo-Nederlands.jpg\" alt=\"\" class=\"wp-image-105\" srcset=\"https:\/\/sonnenhof-marbeck.de\/wp-content\/uploads\/2024\/02\/Gasteninfo-Nederlands.jpg 534w, https:\/\/sonnenhof-marbeck.de\/wp-content\/uploads\/2024\/02\/Gasteninfo-Nederlands-178x300.jpg 178w\" sizes=\"auto, (max-width: 534px) 100vw, 534px\" \/><\/a><\/figure>\n<\/div>\n\n\n<p>Actuele informatie en wetenswaardigheden over de faciliteiten van de Sonnenhof <a href=\"https:\/\/sonnenhof-marbeck.de\/wp-content\/uploads\/2024\/02\/Gasteninfo-Nederlands.pdf\" target=\"_blank\" rel=\"noreferrer noopener\">kunt u hier downloaden<\/a>.<\/p>\n","protected":false},"excerpt":{"rendered":"<p>G\u00e4ste sind bei uns&nbsp;immer herzlich willkommen! Wir haben Stellpl\u00e4tze und Zimmer f\u00fcr G\u00e4ste. Eine INF\/NFN\/DFK-Mitgliedschaft ist erw\u00fcnscht. Hunde sind auf dem Platz erlaubt (max. ein Hund pro Gast), nicht jedoch in den G\u00e4stezimmern. Ausgeschlossen sind gef\u00e4hrliche Hunde nach der Landeshundeverordnung NRW Nachtruhe 22:00 bis 06:00 Uhr Mittagsruhe 13:00 bis 14:00 Uhr Anfragen bitte m\u00f6glichst per &hellip; <\/p>\n<p class=\"link-more\"><a href=\"https:\/\/sonnenhof-marbeck.de\/?page_id=38\" class=\"more-link\"><span class=\"screen-reader-text\">\u201eG\u00e4ste\u201c <\/span>weiterlesen<\/a><\/p>\n","protected":false},"author":1,"featured_media":0,"parent":0,"menu_order":0,"comment_status":"closed","ping_status":"closed","template":"","meta":{"footnotes":""},"class_list":["post-38","page","type-page","status-publish","hentry"],"_links":{"self":[{"href":"https:\/\/sonnenhof-marbeck.de\/index.php?rest_route=\/wp\/v2\/pages\/38","targetHints":{"allow":["GET"]}}],"collection":[{"href":"https:\/\/sonnenhof-marbeck.de\/index.php?rest_route=\/wp\/v2\/pages"}],"about":[{"href":"https:\/\/sonnenhof-marbeck.de\/index.php?rest_route=\/wp\/v2\/types\/page"}],"author":[{"embeddable":true,"href":"https:\/\/sonnenhof-marbeck.de\/index.php?rest_route=\/wp\/v2\/users\/1"}],"replies":[{"embeddable":true,"href":"https:\/\/sonnenhof-marbeck.de\/index.php?rest_route=%2Fwp%2Fv2%2Fcomments&post=38"}],"version-history":[{"count":10,"href":"https:\/\/sonnenhof-marbeck.de\/index.php?rest_route=\/wp\/v2\/pages\/38\/revisions"}],"predecessor-version":[{"id":640,"href":"https:\/\/sonnenhof-marbeck.de\/index.php?rest_route=\/wp\/v2\/pages\/38\/revisions\/640"}],"wp:attachment":[{"href":"https:\/\/sonnenhof-marbeck.de\/index.php?rest_route=%2Fwp%2Fv2%2Fmedia&parent=38"}],"curies":[{"name":"wp","href":"https:\/\/api.w.org\/{rel}","templated":true}]}}