{"id":48,"date":"2024-02-11T13:27:41","date_gmt":"2024-02-11T12:27:41","guid":{"rendered":"https:\/\/sonnenhof-marbeck.de\/?page_id=48"},"modified":"2025-05-28T18:20:48","modified_gmt":"2025-05-28T16:20:48","slug":"naturismus","status":"publish","type":"page","link":"https:\/\/sonnenhof-marbeck.de\/?page_id=48","title":{"rendered":"Naturismus"},"content":{"rendered":"\n<p>Die Schattenseiten der modernen Lebensweise wurden schon vor mehr als einhundert Jahren erkannt. Viele kluge K\u00f6pfe suchten seither nach neuen Wegen f\u00fcr den &#8222;neuen Menschen&#8220;. So entstand gegen Ende des 19. Jahrhunderts eine bunte und \u00fcberaus kreative Lebensreform-Bewegung, deren Ideen bis heute auf der ganzen Welt Anh\u00e4nger haben. Ihre Antworten sind heute so aktuell wie damals:<\/p>\n\n\n\n<ul class=\"wp-block-list\">\n<li>naturnahe Lebensweise in Harmonie mit dem Wesentlichen,<\/li>\n\n\n\n<li>lebendige menschliche Beziehungen,<\/li>\n\n\n\n<li>kulturelle Bet\u00e4tigung und k\u00f6rperliche Aktivit\u00e4ten als Quelle eines freudvollen und gesunden Lebens.<\/li>\n<\/ul>\n\n\n\n<p>Die Freik\u00f6rperkultur ist nur ein Teil dieser Tradition.<\/p>\n\n\n\n<p>In unserem Gemeinschaftsleben versuchen wir viele dieser Ideen lebendig zu halten und f\u00fcr die Zukunft weiter zu entwickeln.<\/p>\n\n\n\n<h2 class=\"wp-block-heading\">Was macht den Naturismus aus?<\/h2>\n\n\n\n<p>Das positive Verh\u00e4ltnis zum K\u00f6rper ist eine wesentliche Grundlage zum Naturismus.<\/p>\n\n\n\n<p>So wie Gott uns geschaffen hat, gibt es nichts an seinem gelungenen Sch\u00f6pferwerk zu verleugnen. Bei geeignetem Wetter kann also getrost auf Kleidung verzichtet werden, damit Luft und Wasser an den K\u00f6rper kommt. Lediglich vor den Strahlen der hochstehenden Mittagssonne sollte man sich sch\u00fctzen.<\/p>\n\n\n\n<p><strong>T\u00e4gliche Nacktheit<\/strong><\/p>\n\n\n\n<p>Freik\u00f6rperkultur ist die t\u00e4gliche Nacktheit als Ausdruck einer Geisteshaltung &#8211; der Wille, die Welt anders anzugehen eine aktive Erfahrung, die auf der \u00d6ffnung des Geistes, der Akzeptanz und dem Verst\u00e4ndnis der Mitmenschen hinsichtlich ihrer Individualit\u00e4t und ihrem nat\u00fcrlichem Umfeld beruht. Der von der Kleidung befreite K\u00f6rper ist die Folge des befreiten Geistes &#8211; im Urlaub wie im t\u00e4glichen Leben.<\/p>\n\n\n\n<p><strong>Nacktsein ist vor allem auch praktisch<\/strong><\/p>\n\n\n\n<p>Nacktsein erh\u00f6ht nicht nur das Wohlbefinden, sondern es ist einfach praktisch: Eine Badehose oder -anzug sch\u00fctzt weder vor dem Nasswerden noch vor K\u00e4lte. Ist sie erst einmal nass und du kommst aus dem Wasser, musst du sie ganz schnell ausziehen, um dich nicht zu erk\u00e4lten.<\/p>\n\n\n\n<p><strong>Im Grunde ist es wie in der Sauna auch<\/strong><\/p>\n\n\n\n<p>Jeder Saunag\u00e4nger w\u00fcrde es l\u00e4cherlich finden, die Sauna mit einer Badehose zu betreten. Am Strand in der prallen Sonne ist es auch heiss und man schwitzt genauso wie in der Sauna &#8211; welchen rationellen Grund gibt es also wirklich f\u00fcr eine Badehose? Keinen!<\/p>\n\n\n\n<p><strong>R\u00fccksichtnahme auf die Natur<\/strong><\/p>\n\n\n\n<p>In nat\u00fcrlicher Umgebung sind R\u00fccksichtnahme und Toleranz ebenso selbstverst\u00e4ndlich, wie die Respektierung der Mitmenschen und Umwelt.<\/p>\n\n\n\n<p><strong>Nicht alle Menschen sind gleich<\/strong><\/p>\n\n\n\n<p>Sollten junge Menschen in gewissen Entwicklungsphasen sich mit Nacktheit unwohl f\u00fchlen, sollten wir uns an unsere Jugend erinnern, ob wir nicht \u00e4hnliche Erfahrungen hatten. Deshalb sollte Toleranz einen wahren Naturisten auszeichnen.<\/p>\n\n\n<div class=\"wp-block-image\">\n<figure class=\"aligncenter size-full\"><img loading=\"lazy\" decoding=\"async\" width=\"220\" height=\"220\" src=\"https:\/\/sonnenhof-marbeck.de\/wp-content\/uploads\/2024\/02\/14-38-05-logodfk-040a4da6.jpeg\" alt=\"\" class=\"wp-image-91\" srcset=\"https:\/\/sonnenhof-marbeck.de\/wp-content\/uploads\/2024\/02\/14-38-05-logodfk-040a4da6.jpeg 220w, https:\/\/sonnenhof-marbeck.de\/wp-content\/uploads\/2024\/02\/14-38-05-logodfk-040a4da6-150x150.jpeg 150w, https:\/\/sonnenhof-marbeck.de\/wp-content\/uploads\/2024\/02\/14-38-05-logodfk-040a4da6-100x100.jpeg 100w\" sizes=\"auto, (max-width: 220px) 100vw, 220px\" \/><\/figure>\n<\/div>\n\n\n<p><\/p>\n\n\n\n<p>Um sich ein wenig in die Thematik einzuarbeiten, empfehlen wir die Seiten<\/p>\n\n\n\n<p><a href=\"https:\/\/de.wikipedia.org\/wiki\/Freik%C3%B6rperkultur\" target=\"_blank\" rel=\"noreferrer noopener\"><strong>Freik\u00f6rperkultur<\/strong><\/a><\/p>\n\n\n\n<p>und <a href=\"https:\/\/de.wikipedia.org\/wiki\/Nacktheit\" target=\"_blank\" rel=\"noreferrer noopener\"><strong>Nacktheit<\/strong><\/a><\/p>\n\n\n\n<p>auf wikipedia.de<\/p>\n\n\n<div class=\"wp-block-image\">\n<figure class=\"aligncenter size-large is-resized\"><img decoding=\"async\" src=\"https:\/\/upload.wikimedia.org\/wikipedia\/commons\/thumb\/8\/80\/Wikipedia-logo-v2.svg\/411px-Wikipedia-logo-v2.svg.png\" alt=\"\" style=\"width:205px;height:auto\"\/><\/figure>\n<\/div>\n\n\n<hr class=\"wp-block-separator aligncenter has-alpha-channel-opacity is-style-wide\"\/>\n","protected":false},"excerpt":{"rendered":"<p>Die Schattenseiten der modernen Lebensweise wurden schon vor mehr als einhundert Jahren erkannt. Viele kluge K\u00f6pfe suchten seither nach neuen Wegen f\u00fcr den &#8222;neuen Menschen&#8220;. So entstand gegen Ende des 19. Jahrhunderts eine bunte und \u00fcberaus kreative Lebensreform-Bewegung, deren Ideen bis heute auf der ganzen Welt Anh\u00e4nger haben. Ihre Antworten sind heute so aktuell wie &hellip; <\/p>\n<p class=\"link-more\"><a href=\"https:\/\/sonnenhof-marbeck.de\/?page_id=48\" class=\"more-link\"><span class=\"screen-reader-text\">\u201eNaturismus\u201c <\/span>weiterlesen<\/a><\/p>\n","protected":false},"author":1,"featured_media":0,"parent":0,"menu_order":0,"comment_status":"closed","ping_status":"closed","template":"","meta":{"footnotes":""},"class_list":["post-48","page","type-page","status-publish","hentry"],"_links":{"self":[{"href":"https:\/\/sonnenhof-marbeck.de\/index.php?rest_route=\/wp\/v2\/pages\/48","targetHints":{"allow":["GET"]}}],"collection":[{"href":"https:\/\/sonnenhof-marbeck.de\/index.php?rest_route=\/wp\/v2\/pages"}],"about":[{"href":"https:\/\/sonnenhof-marbeck.de\/index.php?rest_route=\/wp\/v2\/types\/page"}],"author":[{"embeddable":true,"href":"https:\/\/sonnenhof-marbeck.de\/index.php?rest_route=\/wp\/v2\/users\/1"}],"replies":[{"embeddable":true,"href":"https:\/\/sonnenhof-marbeck.de\/index.php?rest_route=%2Fwp%2Fv2%2Fcomments&post=48"}],"version-history":[{"count":9,"href":"https:\/\/sonnenhof-marbeck.de\/index.php?rest_route=\/wp\/v2\/pages\/48\/revisions"}],"predecessor-version":[{"id":560,"href":"https:\/\/sonnenhof-marbeck.de\/index.php?rest_route=\/wp\/v2\/pages\/48\/revisions\/560"}],"wp:attachment":[{"href":"https:\/\/sonnenhof-marbeck.de\/index.php?rest_route=%2Fwp%2Fv2%2Fmedia&parent=48"}],"curies":[{"name":"wp","href":"https:\/\/api.w.org\/{rel}","templated":true}]}}